{"id":12,"date":"2025-04-12T11:01:49","date_gmt":"2025-04-12T09:01:49","guid":{"rendered":"https:\/\/musee-vanneries.fr\/?page_id=12"},"modified":"2026-03-03T11:03:02","modified_gmt":"2026-03-03T10:03:02","slug":"le-nouveau-e-mucem-ouvre-ses-portes-2","status":"publish","type":"page","link":"https:\/\/musee-vanneries.fr\/","title":{"rendered":"Bienvenue !"},"content":{"rendered":"<ul class=\"wp-block-latest-posts__list wp-block-latest-posts\"><li><div class=\"wp-block-latest-posts__featured-image aligncenter\"><a href=\"https:\/\/musee-vanneries.fr\/index.php\/2026\/04\/05\/vanneries-fines-declisse\/\" aria-label=\"Vanneries fines d&#8217;\u00e9clisse\"><img loading=\"lazy\" decoding=\"async\" width=\"214\" height=\"300\" src=\"https:\/\/musee-vanneries.fr\/wp-content\/uploads\/2026\/04\/affiche_eclisse82026-214x300.png\" class=\"attachment-medium size-medium wp-post-image\" alt=\"\" style=\"\" srcset=\"https:\/\/musee-vanneries.fr\/wp-content\/uploads\/2026\/04\/affiche_eclisse82026-214x300.png 214w, https:\/\/musee-vanneries.fr\/wp-content\/uploads\/2026\/04\/affiche_eclisse82026.png 581w\" sizes=\"auto, (max-width: 214px) 100vw, 214px\" \/><\/a><\/div><a class=\"wp-block-latest-posts__post-title\" href=\"https:\/\/musee-vanneries.fr\/index.php\/2026\/04\/05\/vanneries-fines-declisse\/\">Vanneries fines d&#8217;\u00e9clisse<\/a><div class=\"wp-block-latest-posts__post-excerpt\">par Bernard BennavalDu 4 Avril au 1er Novembre 2026 Bernard Bennaval est n\u00e9 en 1956 dans le loraguais r\u00e9gion d&#8217;Occitanie et vie maintenant dans le Berry. Ses parents \u00e9taient sabotiers, il d\u00e9couvre la vannerie avec son grand p\u00e8re a l&#8217;age de 7 ans, il r\u00e9alisera son premier panier en osier rond. Adolescent il part apprendre\u2026 <a class=\"wp-block-latest-posts__read-more\" href=\"https:\/\/musee-vanneries.fr\/index.php\/2026\/04\/05\/vanneries-fines-declisse\/\" rel=\"noopener noreferrer\">Read more<span class=\"screen-reader-text\">: Vanneries fines d&#8217;\u00e9clisse<\/span><\/a><\/div><\/li>\n<li><div class=\"wp-block-latest-posts__featured-image aligncenter\"><a href=\"https:\/\/musee-vanneries.fr\/index.php\/2026\/03\/03\/ateliers-decouverte\/\" aria-label=\"Ateliers d\u00e9couverte\"><img loading=\"lazy\" decoding=\"async\" width=\"208\" height=\"300\" src=\"https:\/\/musee-vanneries.fr\/wp-content\/uploads\/2026\/03\/decouvert_vannerie-208x300.png\" class=\"attachment-medium size-medium wp-post-image\" alt=\"\" style=\"\" srcset=\"https:\/\/musee-vanneries.fr\/wp-content\/uploads\/2026\/03\/decouvert_vannerie-208x300.png 208w, https:\/\/musee-vanneries.fr\/wp-content\/uploads\/2026\/03\/decouvert_vannerie.png 541w\" sizes=\"auto, (max-width: 208px) 100vw, 208px\" \/><\/a><\/div><a class=\"wp-block-latest-posts__post-title\" href=\"https:\/\/musee-vanneries.fr\/index.php\/2026\/03\/03\/ateliers-decouverte\/\">Ateliers d\u00e9couverte<\/a><div class=\"wp-block-latest-posts__post-excerpt\">Venez vous initier \u00e0 la vannerie et\/ou \u00e0 la c\u00e9ramique au cours de nos ateliers d\u00e9couverte<\/div><\/li>\n<li><div class=\"wp-block-latest-posts__featured-image aligncenter\"><a href=\"https:\/\/musee-vanneries.fr\/index.php\/2025\/07\/25\/une-histoire-de-panier-le-rustique\/\" aria-label=\"Une histoire de panier    &#8220;Le rustique&#8221;\"><img loading=\"lazy\" decoding=\"async\" width=\"212\" height=\"300\" src=\"https:\/\/musee-vanneries.fr\/wp-content\/uploads\/2025\/07\/AFFICHE-ECOV-1-212x300.png\" class=\"attachment-medium size-medium wp-post-image\" alt=\"\" style=\"\" srcset=\"https:\/\/musee-vanneries.fr\/wp-content\/uploads\/2025\/07\/AFFICHE-ECOV-1-212x300.png 212w, https:\/\/musee-vanneries.fr\/wp-content\/uploads\/2025\/07\/AFFICHE-ECOV-1-724x1024.png 724w, https:\/\/musee-vanneries.fr\/wp-content\/uploads\/2025\/07\/AFFICHE-ECOV-1-768x1086.png 768w, https:\/\/musee-vanneries.fr\/wp-content\/uploads\/2025\/07\/AFFICHE-ECOV-1-1086x1536.png 1086w, https:\/\/musee-vanneries.fr\/wp-content\/uploads\/2025\/07\/AFFICHE-ECOV-1-1448x2048.png 1448w, https:\/\/musee-vanneries.fr\/wp-content\/uploads\/2025\/07\/AFFICHE-ECOV-1-1200x1697.png 1200w, https:\/\/musee-vanneries.fr\/wp-content\/uploads\/2025\/07\/AFFICHE-ECOV-1.png 1654w\" sizes=\"auto, (max-width: 212px) 100vw, 212px\" \/><\/a><\/div><a class=\"wp-block-latest-posts__post-title\" href=\"https:\/\/musee-vanneries.fr\/index.php\/2025\/07\/25\/une-histoire-de-panier-le-rustique\/\">Une histoire de panier    &#8220;Le rustique&#8221;<\/a><div class=\"wp-block-latest-posts__post-excerpt\">Il apparait sous le r\u00e8gne de Napol\u00e9on III, dans la bourgeoisie parisienne par effet de mode, et devient incontournable, tr\u00e8s utilis\u00e9 dans les guinguettes sur les bords de la Marne et de la Seine et lors du pique-nique du dimanche. R\u00e9alise en rotin (mat\u00e9riau import\u00e9 d\u2019Indon\u00e9sie principalement de l\u2019ile de BORN\u00c9O) liane qui peut atteindre\u2026 <a class=\"wp-block-latest-posts__read-more\" href=\"https:\/\/musee-vanneries.fr\/index.php\/2025\/07\/25\/une-histoire-de-panier-le-rustique\/\" rel=\"noopener noreferrer\">Read more<span class=\"screen-reader-text\">: Une histoire de panier    &#8220;Le rustique&#8221;<\/span><\/a><\/div><\/li>\n<\/ul>\n\n\n<div class=\"alignnormal\"><div id=\"metaslider-id-122\" style=\"width: 100%;\" class=\"ml-slider-3-106-0 metaslider metaslider-flex metaslider-122 ml-slider has-dots-nav ms-theme-default-base\" role=\"region\" aria-label=\"All photos\" data-height=\"300\" data-width=\"700\">\n    <div id=\"metaslider_container_122\">\n        <div id=\"metaslider_122\">\n            <ul aria-live='off' class='slides'>\n                <li style=\"display: block; width: 100%;\" class=\"slide-123 ms-image \" aria-roledescription=\"slide\" data-date=\"2026-03-03 10:59:23\" data-filename=\"rustiques_3-700x300.png\" data-slide-type=\"image\"><img loading=\"lazy\" decoding=\"async\" src=\"https:\/\/musee-vanneries.fr\/wp-content\/uploads\/2025\/07\/rustiques_3-700x300.png\" height=\"300\" width=\"700\" alt=\"\" class=\"slider-122 slide-123 msDefaultImage\" title=\"rustiques_3\" \/><\/li>\n                <li style=\"display: none; width: 100%;\" class=\"slide-125 ms-image \" aria-roledescription=\"slide\" data-date=\"2026-03-03 10:59:42\" data-filename=\"rustiques_4-700x300.png\" data-slide-type=\"image\"><img loading=\"lazy\" decoding=\"async\" src=\"https:\/\/musee-vanneries.fr\/wp-content\/uploads\/2025\/07\/rustiques_4-700x300.png\" height=\"300\" width=\"700\" alt=\"\" class=\"slider-122 slide-125 msDefaultImage\" title=\"rustiques_4\" \/><\/li>\n                <li style=\"display: none; width: 100%;\" class=\"slide-126 ms-image \" aria-roledescription=\"slide\" data-date=\"2026-03-03 10:59:53\" data-filename=\"rustiques_2-600x257.png\" data-slide-type=\"image\"><img loading=\"lazy\" decoding=\"async\" src=\"https:\/\/musee-vanneries.fr\/wp-content\/uploads\/2025\/07\/rustiques_2-600x257.png\" height=\"300\" width=\"700\" alt=\"\" class=\"slider-122 slide-126 msDefaultImage\" title=\"rustiques_2\" \/><\/li>\n                <li style=\"display: none; width: 100%;\" class=\"slide-127 ms-image \" aria-roledescription=\"slide\" data-date=\"2026-03-03 11:00:05\" data-filename=\"rustiques_1-581x248.png\" data-slide-type=\"image\"><img loading=\"lazy\" decoding=\"async\" src=\"https:\/\/musee-vanneries.fr\/wp-content\/uploads\/2025\/07\/rustiques_1-581x248.png\" height=\"300\" width=\"700\" alt=\"\" class=\"slider-122 slide-127 msDefaultImage\" title=\"rustiques_1\" \/><\/li>\n            <\/ul>\n        <\/div>\n        \n    <\/div>\n<\/div><\/div>\n","protected":false},"excerpt":{"rendered":"","protected":false},"author":1,"featured_media":0,"parent":0,"menu_order":0,"comment_status":"closed","ping_status":"closed","template":"","meta":{"footnotes":""},"class_list":["post-12","page","type-page","status-publish","hentry"],"_links":{"self":[{"href":"https:\/\/musee-vanneries.fr\/index.php\/wp-json\/wp\/v2\/pages\/12","targetHints":{"allow":["GET"]}}],"collection":[{"href":"https:\/\/musee-vanneries.fr\/index.php\/wp-json\/wp\/v2\/pages"}],"about":[{"href":"https:\/\/musee-vanneries.fr\/index.php\/wp-json\/wp\/v2\/types\/page"}],"author":[{"embeddable":true,"href":"https:\/\/musee-vanneries.fr\/index.php\/wp-json\/wp\/v2\/users\/1"}],"replies":[{"embeddable":true,"href":"https:\/\/musee-vanneries.fr\/index.php\/wp-json\/wp\/v2\/comments?post=12"}],"version-history":[{"count":7,"href":"https:\/\/musee-vanneries.fr\/index.php\/wp-json\/wp\/v2\/pages\/12\/revisions"}],"predecessor-version":[{"id":128,"href":"https:\/\/musee-vanneries.fr\/index.php\/wp-json\/wp\/v2\/pages\/12\/revisions\/128"}],"wp:attachment":[{"href":"https:\/\/musee-vanneries.fr\/index.php\/wp-json\/wp\/v2\/media?parent=12"}],"curies":[{"name":"wp","href":"https:\/\/api.w.org\/{rel}","templated":true}]}}