{"id":14,"date":"2025-04-12T11:01:49","date_gmt":"2025-04-12T09:01:49","guid":{"rendered":"https:\/\/musee-vanneries.fr\/?page_id=14"},"modified":"2026-03-03T11:04:19","modified_gmt":"2026-03-03T10:04:19","slug":"contact","status":"publish","type":"page","link":"https:\/\/musee-vanneries.fr\/index.php\/contact\/","title":{"rendered":"Les compagnons du terroir"},"content":{"rendered":"\n<h2 class=\"wp-block-heading\">Objectifs<\/h2>\n\n\n\n<p>L&#8217;association des Compagnons du Terroir est une association loi 1901 reconnue d&#8217;int\u00e9r\u00eat g\u00e9n\u00e9ral. Elle a \u00e9t\u00e9 cr\u00e9\u00e9e en 1983 dans le but de conserver et de valoriser les patrimoines et les savoir-faire de Villaines-les-Rochers, notamment l&#8217;osi\u00e9riculture, la vannerie et le tressage v\u00e9g\u00e9tal. Depuis 1984, l&#8217;asssociation collecte un grand nombre de documents, de photos, de vanneries et d&#8217;outils qui sont conserv\u00e9s, inventori\u00e9s et expos\u00e9s.<\/p>\n\n\n\n<h2 class=\"wp-block-heading\">Une action importante<\/h2>\n\n\n\n<p>En 1993, les Compagnons du Terroir cr\u00e9ent le Mus\u00e9e de l&#8217;osier et de la vannerie \u00e0 Villaines les Rochers, qui propose une exposition permanente sur le patrimoine et les savoir-faire locaux, et des expositions temporaires qui mettent en valeur les collections de l&#8217;association. L&#8217;association a particip\u00e9 activement \u00e0 l&#8217;\u00e9laboration du nouveau projet mus\u00e9ographique et est aujourd&#8217;hui gestionnaire du nouveau mus\u00e9e de l&#8217;Osier et de la Vannerie.<\/p>\n\n\n\n<p>L&#8217;association organise \u00e9galement des stages d&#8217;initiation, un salon national des vanniers cr\u00e9ateurs, les &#8220;Arti-vanneries&#8221; et diverses manifestations (visites th\u00e9matiques, randonn\u00e9es).<\/p>\n\n\n\n<h2 class=\"wp-block-heading\">Composition de l&#8217;association<\/h2>\n\n\n\n<p>Association loi 1901 reconnue d&#8217;int\u00e9r\u00eat g\u00e9n\u00e9ral<\/p>\n\n\n\n<p>Date de cr\u00e9ation : 1984<\/p>\n\n\n\n<p>Si\u00e8ge social : Mairie<br>37190 Villaines les Rochers<\/p>\n\n\n\n<p>Pr\u00e9sident : Jean-Pierre Rideau-Baudin<br>Vice pr\u00e9sident : Jo\u00ebl Rouill\u00e9<br>Tr\u00e9sorier : Eric Delalande<br>Tr\u00e9sorier adjoint : Dominique Krisman<br>Secr\u00e9taire : Fran\u00e7oise Rideau-Baudin<br>Secr\u00e9taire adjointe : Christelle Bulot<\/p>\n","protected":false},"excerpt":{"rendered":"<p>Objectifs L&#8217;association des Compagnons du Terroir est une association loi 1901 reconnue d&#8217;int\u00e9r\u00eat g\u00e9n\u00e9ral. Elle a \u00e9t\u00e9 cr\u00e9\u00e9e en 1983 dans le but de conserver et de valoriser les patrimoines et les savoir-faire de Villaines-les-Rochers, notamment l&#8217;osi\u00e9riculture, la vannerie et le tressage v\u00e9g\u00e9tal. Depuis 1984, l&#8217;asssociation collecte un grand nombre de documents, de photos, de [&hellip;]<\/p>\n","protected":false},"author":1,"featured_media":0,"parent":0,"menu_order":0,"comment_status":"closed","ping_status":"closed","template":"","meta":{"footnotes":""},"class_list":["post-14","page","type-page","status-publish","hentry"],"_links":{"self":[{"href":"https:\/\/musee-vanneries.fr\/index.php\/wp-json\/wp\/v2\/pages\/14","targetHints":{"allow":["GET"]}}],"collection":[{"href":"https:\/\/musee-vanneries.fr\/index.php\/wp-json\/wp\/v2\/pages"}],"about":[{"href":"https:\/\/musee-vanneries.fr\/index.php\/wp-json\/wp\/v2\/types\/page"}],"author":[{"embeddable":true,"href":"https:\/\/musee-vanneries.fr\/index.php\/wp-json\/wp\/v2\/users\/1"}],"replies":[{"embeddable":true,"href":"https:\/\/musee-vanneries.fr\/index.php\/wp-json\/wp\/v2\/comments?post=14"}],"version-history":[{"count":4,"href":"https:\/\/musee-vanneries.fr\/index.php\/wp-json\/wp\/v2\/pages\/14\/revisions"}],"predecessor-version":[{"id":129,"href":"https:\/\/musee-vanneries.fr\/index.php\/wp-json\/wp\/v2\/pages\/14\/revisions\/129"}],"wp:attachment":[{"href":"https:\/\/musee-vanneries.fr\/index.php\/wp-json\/wp\/v2\/media?parent=14"}],"curies":[{"name":"wp","href":"https:\/\/api.w.org\/{rel}","templated":true}]}}