{"id":44,"date":"2025-04-12T11:28:34","date_gmt":"2025-04-12T09:28:34","guid":{"rendered":"https:\/\/musee-vanneries.fr\/?page_id=44"},"modified":"2025-04-12T11:49:16","modified_gmt":"2025-04-12T09:49:16","slug":"le-musee","status":"publish","type":"page","link":"https:\/\/musee-vanneries.fr\/index.php\/le-musee\/","title":{"rendered":"Le mus\u00e9e"},"content":{"rendered":"\n<h2 class=\"wp-block-heading\">Historique du projet<\/h2>\n\n\n\n<h3 class=\"wp-block-heading\">A l&#8217;origine, une association&#8230;<\/h3>\n\n\n\n<p>De 1993 \u00e0 2009, l&#8217;Association Les Compagnons du Terroir en cr\u00e9ant et g\u00e9rant le premier Mus\u00e9e de l&#8217;Osier et de la Vannerie \u00e0 Villaines les Rochers, a su valoriser le savoir-faire vannier par la mise en place d&#8217;une exposition permanente et d&#8217;expositions temporaires (renouvel\u00e9es tous les 2 ans). Ce mus\u00e9e issu de 25 ans de recherches a int\u00e9ress\u00e9 les collectivit\u00e9s locales et c&#8217;est donc en partenariat avec la Communaut\u00e9 de Communes du Pays d&#8217;Azay-le-Rideau qu&#8217;un nouveau site a \u00e9t\u00e9 cr\u00e9\u00e9 pour accueillir le nouveau Mus\u00e9e de l&#8217;Osier et de la Vannerie de la Communaut\u00e9 de Communes du Pays d&#8217;Azay-le-Rideau.<\/p>\n\n\n\n<p>La cr\u00e9ation du nouveau mus\u00e9e s&#8217;inscrit dans un projet global d&#8217;\u00e9comus\u00e9e \u00e9clat\u00e9 soutenu par la communaut\u00e9 de communes du Pays d&#8217;Azay le Rideau. Cet \u00e9comus\u00e9e sera compos\u00e9 de quatre sites : le Mus\u00e9e de l&#8217;Osier et de la Vannerie \u00e0 Villaines les Rochers, les centres d&#8217;interpr\u00e9tation de la meunerie \u00e0 Pont de Ruan, du chanvre \u00e0 Br\u00e9h\u00e9mont et de la poire tap\u00e9e \u00e0 Rivarennes.<\/p>\n\n\n\n<h3 class=\"wp-block-heading\">Une cr\u00e9ation en partenariat<\/h3>\n\n\n\n<div class=\"wp-block-columns alignwide is-layout-flex wp-container-core-columns-is-layout-9d6595d7 wp-block-columns-is-layout-flex\">\n<div class=\"wp-block-column is-layout-flow wp-block-column-is-layout-flow\"><div class=\"wp-block-image\">\n<figure class=\"aligncenter size-full\"><img loading=\"lazy\" decoding=\"async\" width=\"391\" height=\"603\" src=\"http:\/\/musee-vanneries.fr\/wp-content\/uploads\/2025\/04\/logopartenaires.jpg\" alt=\"\" class=\"wp-image-45\" srcset=\"https:\/\/musee-vanneries.fr\/wp-content\/uploads\/2025\/04\/logopartenaires.jpg 391w, https:\/\/musee-vanneries.fr\/wp-content\/uploads\/2025\/04\/logopartenaires-195x300.jpg 195w\" sizes=\"auto, (max-width: 391px) 100vw, 391px\" \/><\/figure>\n<\/div><\/div>\n\n\n\n<div class=\"wp-block-column is-layout-flow wp-block-column-is-layout-flow\">\n<p><strong>La communaut\u00e9 de Communes du Pays d&#8217;Azay-le-Rideau<\/strong> a effectu\u00e9 les investissements li\u00e9s \u00e0 l&#8217;architecture et \u00e0 la sc\u00e9nographie du site: am\u00e9nagement de la cour, cr\u00e9ation et am\u00e9nagement des espaces d&#8217;accueil et d&#8217;exposition permanente. A repris la gestion depuis le 1er janvier 2012.<\/p>\n\n\n\n<p><strong>L&#8217;association les Compagnons du Terroir<\/strong> qui dispose des comp\u00e9tences techniques et scientifiques n\u00e9cessaires, a r\u00e9dig\u00e9 le projet.<\/p>\n\n\n\n<p><strong>La commune de Villaines les Rochers<\/strong> met le b\u00e2timent \u00e0 disposition (ancien prieur\u00e9 devenu \u00e9cole situ\u00e9 \u00e0 l&#8217;arri\u00e8re de la mairie).<\/p>\n\n\n\n<p><strong>L&#8217;union associative PETRI<\/strong> a apport\u00e9 sa connaissance du patrimoine et des savoir-faire locaux.<\/p>\n\n\n\n<p><strong>Le Parc naturel r\u00e9gional Loire-Anjou-Touraine<\/strong> participe \u00e0 la valorisation du savoir-faire vannier.<\/p>\n\n\n\n<p><strong>L&#8217;ensemble des partenaires professionnels<\/strong> des fili\u00e8res osi\u00e9ricoles et vanni\u00e8res locales s&#8217;est associ\u00e9 au projet.<\/p>\n<\/div>\n<\/div>\n\n\n\n<p><\/p>\n","protected":false},"excerpt":{"rendered":"<p>Historique du projet A l&#8217;origine, une association&#8230; De 1993 \u00e0 2009, l&#8217;Association Les Compagnons du Terroir en cr\u00e9ant et g\u00e9rant le premier Mus\u00e9e de l&#8217;Osier et de la Vannerie \u00e0 Villaines les Rochers, a su valoriser le savoir-faire vannier par la mise en place d&#8217;une exposition permanente et d&#8217;expositions temporaires (renouvel\u00e9es tous les 2 ans). [&hellip;]<\/p>\n","protected":false},"author":1,"featured_media":0,"parent":0,"menu_order":0,"comment_status":"closed","ping_status":"closed","template":"","meta":{"footnotes":""},"class_list":["post-44","page","type-page","status-publish","hentry"],"_links":{"self":[{"href":"https:\/\/musee-vanneries.fr\/index.php\/wp-json\/wp\/v2\/pages\/44","targetHints":{"allow":["GET"]}}],"collection":[{"href":"https:\/\/musee-vanneries.fr\/index.php\/wp-json\/wp\/v2\/pages"}],"about":[{"href":"https:\/\/musee-vanneries.fr\/index.php\/wp-json\/wp\/v2\/types\/page"}],"author":[{"embeddable":true,"href":"https:\/\/musee-vanneries.fr\/index.php\/wp-json\/wp\/v2\/users\/1"}],"replies":[{"embeddable":true,"href":"https:\/\/musee-vanneries.fr\/index.php\/wp-json\/wp\/v2\/comments?post=44"}],"version-history":[{"count":3,"href":"https:\/\/musee-vanneries.fr\/index.php\/wp-json\/wp\/v2\/pages\/44\/revisions"}],"predecessor-version":[{"id":55,"href":"https:\/\/musee-vanneries.fr\/index.php\/wp-json\/wp\/v2\/pages\/44\/revisions\/55"}],"wp:attachment":[{"href":"https:\/\/musee-vanneries.fr\/index.php\/wp-json\/wp\/v2\/media?parent=44"}],"curies":[{"name":"wp","href":"https:\/\/api.w.org\/{rel}","templated":true}]}}